{"id":3243,"date":"2019-11-20T09:49:47","date_gmt":"2019-11-20T08:49:47","guid":{"rendered":"http:\/\/nova-globe.com\/?page_id=3243"},"modified":"2019-11-20T10:57:44","modified_gmt":"2019-11-20T09:57:44","slug":"silicate-de-sodium","status":"publish","type":"page","link":"http:\/\/nova-globe.com\/en\/silicate-de-sodium\/","title":{"rendered":"Silicate de Sodium"},"content":{"rendered":"\n<p>Le&nbsp;<strong>(m\u00e9ta)silicate de sodium<\/strong>&nbsp;(ou&nbsp;<strong>Sel disodique de l&#8217;acide silicique<\/strong>&nbsp;ou&nbsp;<strong>Trioxosilicate de disodium<\/strong>) est une substance chimique de formule Na<sub>2<\/sub>SiO<sub>3<\/sub>, inodore et tr\u00e8s soluble dans l&#8217;eau. C&#8217;est une&nbsp;<em>base forte<\/em>&nbsp;formant des solutions tr\u00e8s&nbsp;<a href=\"https:\/\/fr.wikipedia.org\/wiki\/Alcali\">alcalines<\/a>, corrosives pour la peau et les muqueuses (<a href=\"https:\/\/fr.wikipedia.org\/wiki\/Potentiel_hydrog%C3%A8ne\">pH<\/a>&nbsp;13 en solution \u00e0 1&nbsp;%).<br><strong>Le silicate de sodium<\/strong> se forme naturellement par r\u00e9action de la&nbsp;<a href=\"https:\/\/fr.wikipedia.org\/wiki\/Dioxyde_de_silicium\">silice<\/a>&nbsp;(dioxyde de silicium) avec le&nbsp;<a href=\"https:\/\/fr.wikipedia.org\/wiki\/Carbonate_de_sodium\">carbonate de sodium<\/a>&nbsp;\u00e0 l&#8217;\u00e9tat fondu.obtient du silicate de sodium et du&nbsp;<a href=\"https:\/\/fr.wikipedia.org\/wiki\/Dioxyde_de_carbone\">dioxyde de carbone<\/a>.<\/p>\n\n\n\n<p>Na<sub>2<\/sub>CO<sub>3<\/sub>&nbsp;+ SiO<sub>2<\/sub>&nbsp;\u2192 Na<sub>2<\/sub>SiO<sub>3<\/sub>&nbsp;+ CO<sub>2<\/sub><\/p>\n\n\n\n<p>On le trouve sous deux formes principales<\/p>\n\n\n\n<ul><li>forme anhydre (il se pr\u00e9sente alors comme un solide cristallin translucide \u00e0 blanc de formule Na<sub>2<\/sub>SiO<sub>3<\/sub>)&nbsp;;<\/li><li>forme hydrat\u00e9e (Na<sub>2<\/sub>SiO<sub>3<\/sub>.nH<sub>2<\/sub>O), il est parfois qualifi\u00e9 de \u00ab&nbsp;<em>verre liquide<\/em>&nbsp;\u00bb (<em>water glass<\/em>&nbsp;ou&nbsp;<em>liquid glass<\/em>&nbsp;pour les anglophones).<\/li><\/ul>\n\n\n\n<p>Dans les commerce, ses formes les plus courantes sont<\/p>\n\n\n\n<ul><li>la forme anhydre (n\u00b0 CAS =&nbsp;<a href=\"https:\/\/tools.wmflabs.org\/magnustools\/cas.php?cas=6834-92-0&amp;language=fr&amp;title=Silicate_de_sodium\">6834-92-0<\/a>)&nbsp;<\/li><li>la forme pentahydrat\u00e9e (n\u00b0 CAS =&nbsp;<a href=\"https:\/\/tools.wmflabs.org\/magnustools\/cas.php?cas=10213-79-3&amp;language=fr&amp;title=Silicate_de_sodium\">10213-79-3<\/a>)&nbsp;<\/li><li>la forme nonahydrat\u00e9e (n\u00b0CAS =&nbsp;<a href=\"https:\/\/tools.wmflabs.org\/magnustools\/cas.php?cas=13517-24-3&amp;language=fr&amp;title=Silicate_de_sodium\">13517-24-3<\/a>)<\/li><\/ul>\n\n\n\n<h2>Propri\u00e9t\u00e9s<\/h2>\n\n\n\n<p>Le silicate de soude est une poudre blanche tr\u00e8s soluble dans l&#8217;eau, produisant une solution&nbsp;<a href=\"https:\/\/fr.wikipedia.org\/wiki\/Alcali\">alcaline<\/a>.<\/p>\n\n\n\n<p>Il fait partie d&#8217;une famille de compos\u00e9s apparent\u00e9s comprenant l&#8217;<a href=\"https:\/\/fr.wikipedia.org\/wiki\/Orthosilicate\">orthosilicate<\/a>&nbsp;de soude, Na<sub>4<\/sub>SiO<sub>4<\/sub>, le&nbsp;<a href=\"https:\/\/fr.wikipedia.org\/w\/index.php?title=Pyrosilicate&amp;action=edit&amp;redlink=1\">pyrosilicate<\/a>, de soude Na<sub>6<\/sub>Si<sub>2<\/sub>O<sub>7<\/sub>&nbsp;et d&#8217;autres compos\u00e9s proches, qui sont tous vitreux, tr\u00e8s alcalins, incolores et solubles dans l&#8217;eau.<\/p>\n\n\n\n<p>Le silicate de sodium est stable en solution de\u00a0<a href=\"https:\/\/fr.wikipedia.org\/wiki\/Potentiel_hydrog%C3%A8ne\">pH<\/a>\u00a0neutre ou\u00a0<a href=\"https:\/\/fr.wikipedia.org\/wiki\/Base_(chimie)\">alcalin<\/a>.<br>Dans une solution\u00a0<a href=\"https:\/\/fr.wikipedia.org\/wiki\/Acide\">acide<\/a>, l&#8217;ion silicate r\u00e9agit avec les ions hydrog\u00e8ne pour former de l&#8217;<a href=\"https:\/\/fr.wikipedia.org\/wiki\/Acide_silicique\">acide silicique<\/a>, qui quand il est chauff\u00e9 et grill\u00e9 forme le\u00a0<a href=\"https:\/\/fr.wikipedia.org\/wiki\/Gel_de_silice\">gel de silice<\/a>, une substance dure et vitreuse.<\/p>\n\n\n\n<p><strong>La production des silicates de sodium<\/strong><\/p>\n\n\n\n<p>Le silicate de sodium est un produit qui offre des possibilit\u00e9s d&#8217;applications illimit\u00e9es. C&#8217;est une combinaison chimique de dioxyde de silicium (SiO2 en pur sable quartzeux), d&#8217;oxyde de sodium et d&#8217;eau. Pour vos silicates, Silmaco utilise le sable quartzeux le plus pur au monde. De plus, pour la production des silicates de sodium, nous adaptons le rapport molaire (la proportion de dioxyde de silicium et d&#8217;oxyde de sodium) \u00e0 vos demandes.<\/p>\n\n\n\n<p><strong>Dans la production des silicates de sodium, il existe deux proc\u00e9d\u00e9s de production:<\/strong><\/p>\n\n\n\n<p><strong>La production hydrothermale des silicates de sodium<\/strong><\/p>\n\n\n\n<p>Dans le proc\u00e9d\u00e9 pour la fabrication hydrothermale des silicates de sodium, on fait r\u00e9agir du sable blanc (SiO2), de la soude caustique (NaOH) et de l&#8217;eau par voie humide. Le r\u00e9sultat : des silicates de sodium liquides et alcalins avec un rapport molaire inf\u00e9rieur \u00e0 2,5.<\/p>\n\n\n\n<figure class=\"wp-block-image size-large\"><img loading=\"lazy\" width=\"282\" height=\"123\" src=\"http:\/\/nova-globe.com\/wp-content\/uploads\/2019\/11\/1.png\" alt=\"\" class=\"wp-image-3274\"\/><\/figure>\n\n\n\n<p><strong>La production des silicates de sodium dans un proc\u00e9d\u00e9 au four<\/strong><\/p>\n\n\n\n<p>Dans le proc\u00e9d\u00e9 pour la fabrication des silicates de sodium au four, le carbonate de sodium (Na2CO3) et le sable subissent une fusion \u00e0 une temp\u00e9rature sup\u00e9rieure \u00e0 1000 \u00b0C. Le r\u00e9sultat : un silicate de sodium vitreux avec un rapport molaire, en g\u00e9n\u00e9ral sup\u00e9rieure \u00e0 2,5 (standard \u00b1 3,4). Cette &#8216;masse fondue&#8217; se dissout sous pression, temp\u00e9rature et dur\u00e9e en un silicate neutre. Des rapports molaires jusqu&#8217;\u00e0 3,5 sont possibles.<\/p>\n\n\n\n<figure class=\"wp-block-image size-large\"><img loading=\"lazy\" width=\"330\" height=\"89\" src=\"http:\/\/nova-globe.com\/wp-content\/uploads\/2019\/11\/productieproces3.png\" alt=\"\" class=\"wp-image-3275\" srcset=\"http:\/\/nova-globe.com\/wp-content\/uploads\/2019\/11\/productieproces3.png 330w, http:\/\/nova-globe.com\/wp-content\/uploads\/2019\/11\/productieproces3-300x81.png 300w\" sizes=\"(max-width: 330px) 100vw, 330px\" \/><\/figure>\n\n\n\n<p>La production des m\u00e9tasilicates et disilicates granul\u00e9s ou poudreux est bas\u00e9e sur des silicates liquides alcalins. Gr\u00e2ce \u00e0 nos technologies les plus r\u00e9centes, nous vous garantissons des silicates granul\u00e9s de qualit\u00e9 sup\u00e9rieure.<\/p>\n\n\n\n<figure class=\"wp-block-image size-large\"><img loading=\"lazy\" width=\"202\" height=\"136\" src=\"http:\/\/nova-globe.com\/wp-content\/uploads\/2019\/11\/productieproces4.png\" alt=\"\" class=\"wp-image-3276\"\/><\/figure>\n","protected":false},"excerpt":{"rendered":"<p>Le&nbsp;(m\u00e9ta)silicate de sodium&nbsp;(ou&nbsp;Sel disodique de l&#8217;acide silicique&nbsp;ou&nbsp;Trioxosilicate de disodium) est une substance chimique de formule Na2SiO3, inodore et tr\u00e8s soluble dans l&#8217;eau. C&#8217;est une&nbsp;base forte&nbsp;formant des solutions tr\u00e8s&nbsp;alcalines, corrosives pour la peau et les muqueuses (pH&nbsp;13 en solution \u00e0 1&nbsp;%).Le silicate de sodium se forme naturellement par r\u00e9action de la&nbsp;silice&nbsp;(dioxyde de silicium) avec le&nbsp;carbonate de&hellip;<\/p>\n","protected":false},"author":3,"featured_media":0,"parent":0,"menu_order":0,"comment_status":"closed","ping_status":"closed","template":"","meta":[],"yoast_head":"<!-- This site is optimized with the Yoast SEO plugin v15.0 - https:\/\/yoast.com\/wordpress\/plugins\/seo\/ -->\n<title>Silicate de Sodium - Nova Globe<\/title>\n<meta name=\"robots\" content=\"index, follow, max-snippet:-1, max-image-preview:large, max-video-preview:-1\" \/>\n<link rel=\"canonical\" href=\"http:\/\/nova-globe.com\/en\/silicate-de-sodium\/\" \/>\n<meta property=\"og:locale\" content=\"en_US\" \/>\n<meta property=\"og:type\" content=\"article\" \/>\n<meta property=\"og:title\" content=\"Silicate de Sodium - Nova Globe\" \/>\n<meta property=\"og:description\" content=\"Le&nbsp;(m\u00e9ta)silicate de sodium&nbsp;(ou&nbsp;Sel disodique de l&#8217;acide silicique&nbsp;ou&nbsp;Trioxosilicate de disodium) est une substance chimique de formule Na2SiO3, inodore et tr\u00e8s soluble dans l&#8217;eau. C&#8217;est une&nbsp;base forte&nbsp;formant des solutions tr\u00e8s&nbsp;alcalines, corrosives pour la peau et les muqueuses (pH&nbsp;13 en solution \u00e0 1&nbsp;%).Le silicate de sodium se forme naturellement par r\u00e9action de la&nbsp;silice&nbsp;(dioxyde de silicium) avec le&nbsp;carbonate de&hellip;\" \/>\n<meta property=\"og:url\" content=\"http:\/\/nova-globe.com\/en\/silicate-de-sodium\/\" \/>\n<meta property=\"og:site_name\" content=\"Nova Globe\" \/>\n<meta property=\"article:modified_time\" content=\"2019-11-20T09:57:44+00:00\" \/>\n<meta property=\"og:image\" content=\"http:\/\/nova-globe.com\/wp-content\/uploads\/2019\/11\/1.png\" \/>\n<meta name=\"twitter:card\" content=\"summary_large_image\" \/>\n<script type=\"application\/ld+json\" class=\"yoast-schema-graph\">{\"@context\":\"https:\/\/schema.org\",\"@graph\":[{\"@type\":\"WebSite\",\"@id\":\"http:\/\/nova-globe.com\/en\/#website\",\"url\":\"http:\/\/nova-globe.com\/en\/\",\"name\":\"Nova Globe\",\"description\":\"\",\"potentialAction\":[{\"@type\":\"SearchAction\",\"target\":\"http:\/\/nova-globe.com\/en\/?s={search_term_string}\",\"query-input\":\"required name=search_term_string\"}],\"inLanguage\":\"en-US\"},{\"@type\":\"ImageObject\",\"@id\":\"http:\/\/nova-globe.com\/en\/silicate-de-sodium\/#primaryimage\",\"inLanguage\":\"en-US\",\"url\":\"http:\/\/nova-globe.com\/wp-content\/uploads\/2019\/11\/1.png\",\"width\":282,\"height\":123},{\"@type\":\"WebPage\",\"@id\":\"http:\/\/nova-globe.com\/en\/silicate-de-sodium\/#webpage\",\"url\":\"http:\/\/nova-globe.com\/en\/silicate-de-sodium\/\",\"name\":\"Silicate de Sodium - Nova Globe\",\"isPartOf\":{\"@id\":\"http:\/\/nova-globe.com\/en\/#website\"},\"primaryImageOfPage\":{\"@id\":\"http:\/\/nova-globe.com\/en\/silicate-de-sodium\/#primaryimage\"},\"datePublished\":\"2019-11-20T08:49:47+00:00\",\"dateModified\":\"2019-11-20T09:57:44+00:00\",\"inLanguage\":\"en-US\",\"potentialAction\":[{\"@type\":\"ReadAction\",\"target\":[\"http:\/\/nova-globe.com\/en\/silicate-de-sodium\/\"]}]}]}<\/script>\n<!-- \/ Yoast SEO plugin. -->","_links":{"self":[{"href":"http:\/\/nova-globe.com\/en\/wp-json\/wp\/v2\/pages\/3243"}],"collection":[{"href":"http:\/\/nova-globe.com\/en\/wp-json\/wp\/v2\/pages"}],"about":[{"href":"http:\/\/nova-globe.com\/en\/wp-json\/wp\/v2\/types\/page"}],"author":[{"embeddable":true,"href":"http:\/\/nova-globe.com\/en\/wp-json\/wp\/v2\/users\/3"}],"replies":[{"embeddable":true,"href":"http:\/\/nova-globe.com\/en\/wp-json\/wp\/v2\/comments?post=3243"}],"version-history":[{"count":3,"href":"http:\/\/nova-globe.com\/en\/wp-json\/wp\/v2\/pages\/3243\/revisions"}],"predecessor-version":[{"id":3285,"href":"http:\/\/nova-globe.com\/en\/wp-json\/wp\/v2\/pages\/3243\/revisions\/3285"}],"wp:attachment":[{"href":"http:\/\/nova-globe.com\/en\/wp-json\/wp\/v2\/media?parent=3243"}],"curies":[{"name":"wp","href":"https:\/\/api.w.org\/{rel}","templated":true}]}}