{"id":3245,"date":"2019-11-20T09:51:14","date_gmt":"2019-11-20T08:51:14","guid":{"rendered":"http:\/\/nova-globe.com\/?page_id=3245"},"modified":"2019-11-20T09:54:04","modified_gmt":"2019-11-20T08:54:04","slug":"lutilisation-de-silicate-de-sodium","status":"publish","type":"page","link":"http:\/\/nova-globe.com\/en\/lutilisation-de-silicate-de-sodium\/","title":{"rendered":"L&#8217;utilisation de Silicate de sodium"},"content":{"rendered":"\n<h3>Disponible en solution aqueuse et sous forme solide, il est notamment utilis\u00e9\u00a0:<\/h3>\n\n\n\n<ul><li>dans les\u00a0<a href=\"https:\/\/fr.wikipedia.org\/wiki\/Ciment\">ciments<\/a>\u00a0;<\/li><li>comme\u00a0<a href=\"https:\/\/fr.wikipedia.org\/wiki\/Ignifugeant\">ignifugeant<\/a>\u00a0( Traitements utilis\u00e9s pour am\u00e9liorer la\u00a0<a href=\"https:\/\/fr.wikipedia.org\/wiki\/Inflammabilit%C3%A9\">tenue au feu<\/a>\u00a0d&#8217;un\u00a0<a href=\"https:\/\/fr.wikipedia.org\/wiki\/Mat%C3%A9riau\">mat\u00e9riau<\/a>\u00a0tel le\u00a0<a href=\"https:\/\/fr.wikipedia.org\/wiki\/Caoutchouc_(mat%C3%A9riau)\">caoutchouc naturel<\/a> )<\/li><li>dans certains mat\u00e9riaux\u00a0<a href=\"https:\/\/fr.wikipedia.org\/wiki\/Mat%C3%A9riau_r%C3%A9fractaire\">r\u00e9fractaires<\/a>\u00a0;<\/li><li>dans l&#8217;industrie\u00a0<a href=\"https:\/\/fr.wikipedia.org\/wiki\/Textile\">textile<\/a>\u00a0;<\/li><li>dans certains produits d&#8217;entretien (m\u00e9nagers ou industriels, tels que d\u00e9tergent, d\u00e9sinfectants, produit de nettoyage alimentaire)\u00a0;<\/li><li>dans l&#8217;industrie de la transformation du bois\u00a0;<\/li><li>dans l&#8217;industrie m\u00e9tallurgique (d\u00e9capant, d\u00e9graissant)\u00a0;<\/li><li>dans certaines colles, peintures et produits de blanchiment\u00a0;<\/li><li>pour la pr\u00e9paration de produits\u00a0<a href=\"https:\/\/fr.wikipedia.org\/wiki\/Cosm%C3%A9tique\">cosm\u00e9tiques<\/a>\u00a0;<\/li><li>dans l&#8217;<a href=\"https:\/\/fr.wikipedia.org\/wiki\/Industrie_automobile\">industrie automobile<\/a>\u00a0;<\/li><li>dans les\u00a0<a href=\"https:\/\/fr.wikipedia.org\/wiki\/Cartonnerie\">cartonneries<\/a>, pour coller la\u00a0<em>cannelure<\/em>\u00a0(ou microcannelure) \u00e0 une ou plusieurs feuille plate, ou plusieurs cannelures entre elles, ou plusieurs feuilles de carton ondul\u00e9 entre elles. Lors du passage dans les machines \u00e0 haute temp\u00e9rature, le silicate de soude polym\u00e9rise et colle solidement les feuilles de papier entre elles\u00a0;<\/li><li>dans l&#8217;alimentation, comme\u00a0<a href=\"https:\/\/fr.wikipedia.org\/wiki\/Additif_alimentaire\">additif alimentaire<\/a>, alors r\u00e9glement\u00e9 sous le num\u00e9ro E550, comme\u00a0<a href=\"https:\/\/fr.wikipedia.org\/wiki\/Anti-agglom%C3%A9rant\">anti-agglom\u00e9rant<\/a><sup><a href=\"https:\/\/fr.wikipedia.org\/wiki\/Silicate_de_sodium#cite_note-Codex_Alimentarius-8\">8<\/a><\/sup>\u00a0et &#8211; au d\u00e9but du\u00a0<abbr title=\"20\u1d49 si\u00e8cle\">xx<sup>e<\/sup><\/abbr>\u00a0si\u00e8cle avec un grand succ\u00e8s &#8211; pour la conservation des \u0153ufs. Quand des \u0153ufs frais sont plong\u00e9s dans une solution de silicate de soude, les bact\u00e9ries capables de d\u00e9grader l&#8217;\u0153uf en sont tenues \u00e0 l&#8217;\u00e9cart et l&#8217;humidit\u00e9 y est maintenue, conservant l&#8217;\u0153uf pour au maximum neuf mois. Il fallait percer la coquille des \u0153ufs ainsi conserv\u00e9s avant de les faire cuire dans de l&#8217;eau bouillante, pour permettre \u00e0 la vapeur de s&#8217;\u00e9chapper car la coque n&#8217;en \u00e9tait plus poreuse<sup><a href=\"https:\/\/fr.wikipedia.org\/wiki\/Silicate_de_sodium#cite_note-9\">9<\/a><\/sup>\u00a0;<\/li><li>comme mastic de r\u00e9paration rapide\u00a0: du silicate de soude et du\u00a0<a href=\"https:\/\/fr.wikipedia.org\/wiki\/Silicate_de_magn%C3%A9sium\">silicate de magn\u00e9sium<\/a>\u00a0dissous dans de l&#8217;eau sont utilis\u00e9s en p\u00e2te \u00e9paisse pour r\u00e9parer des pots d&#8217;\u00e9chappements. Quand le\u00a0<a href=\"https:\/\/fr.wikipedia.org\/wiki\/Pot_d%27%C3%A9chappement\">dispositif d&#8217;\u00e9chappement<\/a>\u00a0atteint sa temp\u00e9rature de fonctionnement, la chaleur s\u00e8che la p\u00e2te qui polym\u00e9rise en une sorte de verre, permettant une r\u00e9paration (temporaire, car n\u00e9anmoins relativement fragile)\u00a0;<\/li><li>comme \u00e9tanch\u00e9ifiant de r\u00e9paration en milieu liquide et chaud (il a ainsi \u00e9t\u00e9 en 2011 utilis\u00e9 pour boucher des fissures \u00e0 la suite de l&#8217;<a href=\"https:\/\/fr.wikipedia.org\/wiki\/Accident_nucl%C3%A9aire_de_Fukushima\">accident de la centrale nucl\u00e9aire de Fukushima<\/a>. Le silicate de sodium en solution peut colmater des fuites dans des joints (ex joint de culasse, avec du \u00ab\u00a0verre liquide\u00a0\u00bb inject\u00e9 via le radiateur d&#8217;une voiture par exemple et envoy\u00e9 dans les parties chaudes du moteur, car \u00e0 100-105\u00a0<abbr title=\"degr\u00e9 Celsius\">\u00b0C<\/abbr>, le silicate de sodium perd ses mol\u00e9cules d&#8217;eau pour former un produit d&#8217;\u00e9tanch\u00e9it\u00e9 tr\u00e8s puissant qui ne fond qu&#8217;au-dessus de\u00a0810\u00a0<abbr title=\"degr\u00e9 Celsius\">\u00b0C<\/abbr>. Un joint de culasse r\u00e9par\u00e9 au silicate de soude peut rester \u00e9tanche jusqu&#8217;\u00e0 deux ans voire plus, avec une \u00e9tanch\u00e9ification tr\u00e8s rapide (dans les minutes suivant l&#8217;application). Ce type d&#8217;utilisation n&#8217;est possible que dans un milieu qui atteindra la temp\u00e9rature de polym\u00e9risation de 100-105\u00a0<abbr title=\"degr\u00e9 Celsius\">\u00b0C<\/abbr>\u00a0;<\/li><li>comme inhibiteur de la corrosion dans certains circuits d&#8217;eau\u00a0;<\/li><li>comme substrat de croissance de certaines algues dans les \u00e9closeries d&#8217;aquaculture\u00a0;<\/li><li>pour la fabrication (anciennement) de munitions, par exemple pour les\u00a0<a href=\"https:\/\/fr.wikipedia.org\/wiki\/Munition\">cartouches<\/a>\u00a0de revolvers \u00e0 poudre noire produites par la\u00a0<a href=\"https:\/\/fr.wikipedia.org\/wiki\/Colt%27s_Manufacturing_Company\">Colt&#8217;s Manufacturing Company<\/a>\u00a0de 1851 \u00e0 1873, notamment durant la\u00a0<a href=\"https:\/\/fr.wikipedia.org\/wiki\/Guerre_de_S%C3%A9cession\">Guerre de S\u00e9cession<\/a>\u00a0am\u00e9ricaine. Le silicate de sodium scellait les papier nitr\u00e9s combustibles ensemble pour former une cartouche en papier conique contenant la poudre noire, ainsi que pour coller la balle de plomb ou de la balle conique \u00e0 l&#8217;extr\u00e9mit\u00e9 ouverte de la \u00ab\u00a0cartouche\u00a0\u00bb de papier. Ces cartouches coll\u00e9es au silicate de sodium \u00e9taient ins\u00e9r\u00e9es enti\u00e8res dans les f\u00fbts de revolvers, ce qui acc\u00e9l\u00e9rait le temps rechargement. Cet usage a \u00e9t\u00e9 d\u00e9tronn\u00e9 par l&#8217;invention des cartouches \u00e0 gaine de laiton \u00e0 partir de\u00a0<a href=\"https:\/\/fr.wikipedia.org\/wiki\/1873\">1873<\/a><sup><a href=\"https:\/\/fr.wikipedia.org\/wiki\/Silicate_de_sodium#cite_note-kelley-10\">10<\/a>,<a href=\"https:\/\/fr.wikipedia.org\/wiki\/Silicate_de_sodium#cite_note-Kirst-11\">11<\/a><\/sup>\u00a0;<\/li><li>dans l&#8217;industrie du forage\u00a0: m\u00e9lang\u00e9 au\u00a0<a href=\"https:\/\/fr.wikipedia.org\/wiki\/Fluide_de_forage\">fluide de forage<\/a>, il permet de stabiliser les parois de puits de forage et d&#8217;\u00e9viter leur effondrement ou l&#8217;al\u00e9sage des parois, notamment dans des couches\u00a0<a href=\"https:\/\/fr.wikipedia.org\/wiki\/Argile\">argileuses<\/a>\u00a0ou dans les\u00a0<a href=\"https:\/\/fr.wikipedia.org\/wiki\/Formation_g%C3%A9ologique\">formations<\/a>\u00a0contenant des min\u00e9raux argileux gonflants tels que la\u00a0<a href=\"https:\/\/fr.wikipedia.org\/wiki\/Smectite\">smectite<\/a>\u00a0ou la\u00a0<a href=\"https:\/\/fr.wikipedia.org\/wiki\/Montmorillonite\">montmorillonite<\/a>\u00a0;<\/li><li>pour renforcer une ma\u00e7onnerie ou du\u00a0<a href=\"https:\/\/fr.wikipedia.org\/wiki\/B%C3%A9ton\">b\u00e9ton<\/a>, du\u00a0<a href=\"https:\/\/fr.wikipedia.org\/wiki\/Stuc\">stuc<\/a>, pl\u00e2tre, etc. (ainsi rendu moins poreux ou hydrofuges, gr\u00e2ce \u00e0 une r\u00e9action chimique avec l&#8217;exc\u00e8s de Ca(OH)<sub>2<\/sub>\u00a0(<a href=\"https:\/\/fr.wikipedia.org\/wiki\/Portlandite\">portlandite<\/a>) pr\u00e9sent dans le b\u00e9ton, qui lie de fa\u00e7on permanente les silicates, ce qui rend leur surface plus dure et hydrofuge. Il est g\u00e9n\u00e9ralement conseill\u00e9 d&#8217;appliquer ce traitement uniquement apr\u00e8s le temps de durcissement initial (7 jours ou plus selon les conditions)\u00a0;<\/li><li>pour inactiver des moteurs de v\u00e9hicules\u00a0: pour les voitures devant \u00eatre retir\u00e9es d\u00e9finitivement de la circulation, une solution de silicate de sodium est utilis\u00e9e \u00e0 peu de frais, pour d\u00e9truire rapidement et d\u00e9finitivement le moteur. On remplace son\u00a0<a href=\"https:\/\/fr.wikipedia.org\/wiki\/Huile_min%C3%A9rale\">huile min\u00e9rale<\/a>\u00a0par\u00a02\u00a0litres de solution, qui pr\u00e9cipitent et endommagent d\u00e9finitivement les rouages et pistons en quelques minutes<sup><a href=\"https:\/\/fr.wikipedia.org\/wiki\/Silicate_de_sodium#cite_note-helliker-12\">12<\/a><\/sup>. Cette proc\u00e9dure est par exemple obligatoire aux \u00c9tats-Unis dans le cadre du programme\u00a0<em>Car Allowance Rebate System (CARS)<\/em><sup><a href=\"https:\/\/fr.wikipedia.org\/wiki\/Silicate_de_sodium#cite_note-helliker-12\">12<\/a>,<a href=\"https:\/\/fr.wikipedia.org\/wiki\/Silicate_de_sodium#cite_note-13\">13<\/a><\/sup>\u00a0;<\/li><li>pour produire des mat\u00e9riaux r\u00e9fractaires, en tant que liant de mat\u00e9riaux ininflammables et isolants tels que\u00a0<a href=\"https:\/\/fr.wikipedia.org\/wiki\/Vermiculite\">vermiculite<\/a>\u00a0et\u00a0<a href=\"https:\/\/fr.wikipedia.org\/wiki\/Perlite_(roche)\">perlite<\/a>. Des panneaux r\u00e9fractaires ou de\u00a0<a href=\"https:\/\/fr.wikipedia.org\/wiki\/Protection_passive_contre_l%27incendie\">protection passive contre l&#8217;incendie<\/a>\u00a0peuvent ainsi \u00eatre produits, ainsi que des protections moul\u00e9es (autour de tuyaux par exemple). En m\u00e9langeant le silicate de soude avec des poudres min\u00e9rales finement broy\u00e9es (poussi\u00e8re de vermiculite par exemple), on peut produire des adh\u00e9sifs \u00e0 haute temp\u00e9rature (l&#8217;<a href=\"https:\/\/fr.wikipedia.org\/w\/index.php?title=Intumescence&amp;action=edit&amp;redlink=1\">intumescence<\/a>\u00a0dispara\u00eet). Le silicate de soude \u00e9tant peu co\u00fbteux et disponible en abondance, il a \u00e9t\u00e9 utilis\u00e9 dans de nombreuses applications r\u00e9fractaires.<\/li><\/ul>\n","protected":false},"excerpt":{"rendered":"<p>Disponible en solution aqueuse et sous forme solide, il est notamment utilis\u00e9\u00a0: dans les\u00a0ciments\u00a0; comme\u00a0ignifugeant\u00a0( Traitements utilis\u00e9s pour am\u00e9liorer la\u00a0tenue au feu\u00a0d&#8217;un\u00a0mat\u00e9riau\u00a0tel le\u00a0caoutchouc naturel ) dans certains mat\u00e9riaux\u00a0r\u00e9fractaires\u00a0; dans l&#8217;industrie\u00a0textile\u00a0; dans certains produits d&#8217;entretien (m\u00e9nagers ou industriels, tels que d\u00e9tergent, d\u00e9sinfectants, produit de nettoyage alimentaire)\u00a0; dans l&#8217;industrie de la transformation du bois\u00a0; dans l&#8217;industrie m\u00e9tallurgique&hellip;<\/p>\n","protected":false},"author":3,"featured_media":0,"parent":0,"menu_order":0,"comment_status":"closed","ping_status":"closed","template":"","meta":[],"yoast_head":"<!-- This site is optimized with the Yoast SEO plugin v15.0 - https:\/\/yoast.com\/wordpress\/plugins\/seo\/ -->\n<title>L&#039;utilisation de Silicate de sodium - Nova Globe<\/title>\n<meta name=\"robots\" content=\"index, follow, max-snippet:-1, max-image-preview:large, max-video-preview:-1\" \/>\n<link rel=\"canonical\" href=\"http:\/\/nova-globe.com\/en\/lutilisation-de-silicate-de-sodium\/\" \/>\n<meta property=\"og:locale\" content=\"en_US\" \/>\n<meta property=\"og:type\" content=\"article\" \/>\n<meta property=\"og:title\" content=\"L&#039;utilisation de Silicate de sodium - Nova Globe\" \/>\n<meta property=\"og:description\" content=\"Disponible en solution aqueuse et sous forme solide, il est notamment utilis\u00e9\u00a0: dans les\u00a0ciments\u00a0; comme\u00a0ignifugeant\u00a0( Traitements utilis\u00e9s pour am\u00e9liorer la\u00a0tenue au feu\u00a0d&#8217;un\u00a0mat\u00e9riau\u00a0tel le\u00a0caoutchouc naturel ) dans certains mat\u00e9riaux\u00a0r\u00e9fractaires\u00a0; dans l&#8217;industrie\u00a0textile\u00a0; dans certains produits d&#8217;entretien (m\u00e9nagers ou industriels, tels que d\u00e9tergent, d\u00e9sinfectants, produit de nettoyage alimentaire)\u00a0; dans l&#8217;industrie de la transformation du bois\u00a0; dans l&#8217;industrie m\u00e9tallurgique&hellip;\" \/>\n<meta property=\"og:url\" content=\"http:\/\/nova-globe.com\/en\/lutilisation-de-silicate-de-sodium\/\" \/>\n<meta property=\"og:site_name\" content=\"Nova Globe\" \/>\n<meta property=\"article:modified_time\" content=\"2019-11-20T08:54:04+00:00\" \/>\n<meta name=\"twitter:card\" content=\"summary_large_image\" \/>\n<script type=\"application\/ld+json\" class=\"yoast-schema-graph\">{\"@context\":\"https:\/\/schema.org\",\"@graph\":[{\"@type\":\"WebSite\",\"@id\":\"http:\/\/nova-globe.com\/en\/#website\",\"url\":\"http:\/\/nova-globe.com\/en\/\",\"name\":\"Nova Globe\",\"description\":\"\",\"potentialAction\":[{\"@type\":\"SearchAction\",\"target\":\"http:\/\/nova-globe.com\/en\/?s={search_term_string}\",\"query-input\":\"required name=search_term_string\"}],\"inLanguage\":\"en-US\"},{\"@type\":\"WebPage\",\"@id\":\"http:\/\/nova-globe.com\/en\/lutilisation-de-silicate-de-sodium\/#webpage\",\"url\":\"http:\/\/nova-globe.com\/en\/lutilisation-de-silicate-de-sodium\/\",\"name\":\"L'utilisation de Silicate de sodium - Nova Globe\",\"isPartOf\":{\"@id\":\"http:\/\/nova-globe.com\/en\/#website\"},\"datePublished\":\"2019-11-20T08:51:14+00:00\",\"dateModified\":\"2019-11-20T08:54:04+00:00\",\"inLanguage\":\"en-US\",\"potentialAction\":[{\"@type\":\"ReadAction\",\"target\":[\"http:\/\/nova-globe.com\/en\/lutilisation-de-silicate-de-sodium\/\"]}]}]}<\/script>\n<!-- \/ Yoast SEO plugin. -->","_links":{"self":[{"href":"http:\/\/nova-globe.com\/en\/wp-json\/wp\/v2\/pages\/3245"}],"collection":[{"href":"http:\/\/nova-globe.com\/en\/wp-json\/wp\/v2\/pages"}],"about":[{"href":"http:\/\/nova-globe.com\/en\/wp-json\/wp\/v2\/types\/page"}],"author":[{"embeddable":true,"href":"http:\/\/nova-globe.com\/en\/wp-json\/wp\/v2\/users\/3"}],"replies":[{"embeddable":true,"href":"http:\/\/nova-globe.com\/en\/wp-json\/wp\/v2\/comments?post=3245"}],"version-history":[{"count":3,"href":"http:\/\/nova-globe.com\/en\/wp-json\/wp\/v2\/pages\/3245\/revisions"}],"predecessor-version":[{"id":3248,"href":"http:\/\/nova-globe.com\/en\/wp-json\/wp\/v2\/pages\/3245\/revisions\/3248"}],"wp:attachment":[{"href":"http:\/\/nova-globe.com\/en\/wp-json\/wp\/v2\/media?parent=3245"}],"curies":[{"name":"wp","href":"https:\/\/api.w.org\/{rel}","templated":true}]}}